{"id":2649,"date":"2019-08-26T14:11:51","date_gmt":"2019-08-26T14:11:51","guid":{"rendered":"https:\/\/www.decision-products.de\/?page_id=2115"},"modified":"2019-11-29T10:23:25","modified_gmt":"2019-11-29T09:23:25","slug":"mein-konto","status":"publish","type":"page","link":"https:\/\/www.decision-products.de\/logmedia\/mein-konto\/","title":{"rendered":"Mein Konto"},"content":{"rendered":"\t\t<div data-elementor-type=\"wp-post\" data-elementor-id=\"2649\" class=\"elementor elementor-2649\" data-elementor-post-type=\"page\">\n\t\t\t\t\t\t<section class=\"elementor-section elementor-top-section elementor-element elementor-element-00ce4ea elementor-section-height-min-height elementor-section-boxed elementor-section-height-default elementor-section-items-middle\" data-id=\"00ce4ea\" data-element_type=\"section\" data-settings=\"{&quot;_ha_eqh_enable&quot;:false}\">\n\t\t\t\t\t\t<div class=\"elementor-container elementor-column-gap-default\">\n\t\t\t\t\t<div class=\"elementor-column elementor-col-100 elementor-top-column elementor-element elementor-element-12dc6a3\" data-id=\"12dc6a3\" data-element_type=\"column\">\n\t\t\t<div class=\"elementor-widget-wrap\">\n\t\t\t\t\t\t\t<\/div>\n\t\t<\/div>\n\t\t\t\t\t<\/div>\n\t\t<\/section>\n\t\t\t\t<section class=\"elementor-section elementor-top-section elementor-element elementor-element-e695ec3 elementor-section-items-top elementor-section-height-min-height account-area elementor-section-boxed elementor-section-height-default\" data-id=\"e695ec3\" data-element_type=\"section\" data-settings=\"{&quot;_ha_eqh_enable&quot;:false}\">\n\t\t\t\t\t\t<div class=\"elementor-container elementor-column-gap-default\">\n\t\t\t\t\t<div class=\"elementor-column elementor-col-100 elementor-top-column elementor-element elementor-element-6f87535\" data-id=\"6f87535\" data-element_type=\"column\">\n\t\t\t<div class=\"elementor-widget-wrap elementor-element-populated\">\n\t\t\t\t\t\t<div class=\"elementor-element elementor-element-b287a84 elementor-widget elementor-widget-wp-widget-custom_html\" data-id=\"b287a84\" data-element_type=\"widget\" data-widget_type=\"wp-widget-custom_html.default\">\n\t\t\t\t<div class=\"elementor-widget-container\">\n\t\t\t<h5>Mein Konto<\/h5><div class=\"textwidget custom-html-widget\"><div class=\"woocommerce\"><div class=\"woocommerce-notices-wrapper\"><\/div>\n\n\n<div class=\"u-columns col2-set\" id=\"customer_login\">\n\n\t<div class=\"u-column1 col-1\">\n\n\n\t\t\t<h2>Login<\/h2>\n\n\t\t\t<form class=\"woocommerce-form woocommerce-form-login login\" method=\"post\">\n\n\t\t\t\t\n\t\t\t\t<p class=\"woocommerce-form-row woocommerce-form-row--wide form-row form-row-wide\">\n\t\t\t\t\t<label for=\"username\">Username or email address&nbsp;<span class=\"required\">*<\/span><\/label>\n\t\t\t\t\t<input type=\"text\" class=\"woocommerce-Input woocommerce-Input--text input-text\" name=\"username\" id=\"username\" autocomplete=\"username\" value=\"\" \/>\t\t\t\t<\/p>\n\t\t\t\t<p class=\"woocommerce-form-row woocommerce-form-row--wide form-row form-row-wide\">\n\t\t\t\t\t<label for=\"password\">Password&nbsp;<span class=\"required\">*<\/span><\/label>\n\t\t\t\t\t<input class=\"woocommerce-Input woocommerce-Input--text input-text\" type=\"password\" name=\"password\" id=\"password\" autocomplete=\"current-password\" \/>\n\t\t\t\t<\/p>\n\n\t\t\t\t\n\t\t\t\t<p class=\"form-row\">\n\t\t\t\t\t<label class=\"woocommerce-form__label woocommerce-form__label-for-checkbox woocommerce-form-login__rememberme\">\n\t\t\t\t\t\t<input class=\"woocommerce-form__input woocommerce-form__input-checkbox\" name=\"rememberme\" type=\"checkbox\" id=\"rememberme\" value=\"forever\" \/> <span>Remember me<\/span>\n\t\t\t\t\t<\/label>\n\t\t\t\t\t<input type=\"hidden\" id=\"woocommerce-login-nonce\" name=\"woocommerce-login-nonce\" value=\"9eb0abd976\" \/><input type=\"hidden\" name=\"_wp_http_referer\" value=\"\/logmedia\/wp-json\/wp\/v2\/pages\/2649\" \/>\t\t\t\t\t<button type=\"submit\" class=\"woocommerce-button button woocommerce-form-login__submit\" name=\"login\" value=\"Log in\">Log in<\/button>\n\t\t\t\t<\/p>\n\t\t\t\t<p class=\"woocommerce-LostPassword lost_password\">\n\t\t\t\t\t<a href=\"https:\/\/www.decision-products.de\/logmedia\/mein-konto\/passwort-vergessen\/\">Lost your password?<\/a>\n\t\t\t\t<\/p>\n\n\t\t\t\t\n\t\t\t<\/form>\n\n\t\n\t\t<\/div>\n\n\t\t<div class=\"u-column2 col-2\">\n\n\t\t\t<h2>Register<\/h2>\n\n\t\t\t<form method=\"post\" class=\"woocommerce-form woocommerce-form-register register\"  >\n\n\t\t\t\t    <p class=\"form-row form-row-first\">\n        <label for=\"reg_billing_first_name\">First name<span class=\"required\">*<\/span><\/label>\n        <input type=\"text\" class=\"input-text\" name=\"billing_first_name\" id=\"reg_billing_first_name\" value=\"\" \/>\n    <\/p>\n    <p class=\"form-row form-row-last\">\n        <label for=\"reg_billing_last_name\">Last name<span class=\"required\">*<\/span><\/label>\n        <input type=\"text\" class=\"input-text\" name=\"billing_last_name\" id=\"reg_billing_last_name\" value=\"\" \/>\n    <\/p>\n    <p class=\"form-row form-row-wide\">\n        <label for=\"reg_billing_phone\">Phone<span class=\"required\">*<\/span><\/label>\n        <input type=\"text\" class=\"input-text\" name=\"billing_phone\" id=\"reg_billing_phone\" value=\"\" \/>\n    <\/p>\n    <p class=\"form-row form-row-wide\">\n        <label for=\"reg_billing_company\">Company<span class=\"required\">*<\/span><\/label>\n        <input type=\"text\" class=\"input-text\" name=\"billing_company\" id=\"reg_billing_company\" value=\"\" \/>\n    <\/p>\n    <p class=\"form-row form-row-wide\">\n        <label for=\"reg_billing_address_1\">Address 1<span class=\"required\">*<\/span><\/label>\n        <input type=\"text\" class=\"input-text\" name=\"billing_address_1\" id=\"reg_billing_address_1\" value=\"\" \/>\n    <\/p>\n    <p class=\"form-row form-row-wide\">\n        <label for=\"reg_billing_address_2\">Address 2<\/label>\n        <input type=\"text\" class=\"input-text\" name=\"billing_address_2\" id=\"reg_billing_address_1\" value=\"\" \/>\n    <\/p>\n    <p class=\"form-row form-row-wide\">\n        <label for=\"reg_billing_city\">City<span class=\"required\">*<\/span><\/label>\n        <input type=\"text\" class=\"input-text\" name=\"billing_city\" id=\"reg_billing_city\" value=\"\" \/>\n    <\/p>\n    <p class=\"form-row form-row-wide\">\n        <label for=\"reg_billing_postcode\">Postcode<span class=\"required\">*<\/span><\/label>\n        <input type=\"text\" class=\"input-text\" name=\"billing_postcode\" id=\"reg_billing_postcode\" value=\"\" \/>\n    <\/p>\n    <!--    <p class=\"form-row form-row-wide\">\n        <label for=\"reg_billing_country\">Country<span class=\"required\">*<\/span><\/label>\n        <input type=\"text\" class=\"input-text\" name=\"billing_country\" id=\"reg_billing_country\" value=\"\" \/>\n    <\/p>\n-->\n    <div class=\"clear\"><\/div>\n\n\t\t\t\t\n\t\t\t\t\t<p class=\"woocommerce-form-row woocommerce-form-row--wide form-row form-row-wide\">\n\t\t\t\t\t\t<label for=\"reg_username\">Username&nbsp;<span class=\"required\">*<\/span><\/label>\n\t\t\t\t\t\t<input type=\"text\" class=\"woocommerce-Input woocommerce-Input--text input-text\" name=\"username\" id=\"reg_username\" autocomplete=\"username\" value=\"\" \/>\t\t\t\t\t<\/p>\n\n\t\t\t\t\n\t\t\t\t<p class=\"woocommerce-form-row woocommerce-form-row--wide form-row form-row-wide\">\n\t\t\t\t\t<label for=\"reg_email\">Email address&nbsp;<span class=\"required\">*<\/span><\/label>\n\t\t\t\t\t<input type=\"email\" class=\"woocommerce-Input woocommerce-Input--text input-text\" name=\"email\" id=\"reg_email\" autocomplete=\"email\" value=\"\" \/>\t\t\t\t<\/p>\n\n\t\t\t\t\n\t\t\t\t\t<p class=\"woocommerce-form-row woocommerce-form-row--wide form-row form-row-wide\">\n\t\t\t\t\t\t<label for=\"reg_password\">Password&nbsp;<span class=\"required\">*<\/span><\/label>\n\t\t\t\t\t\t<input type=\"password\" class=\"woocommerce-Input woocommerce-Input--text input-text\" name=\"password\" id=\"reg_password\" autocomplete=\"new-password\" \/>\n\t\t\t\t\t<\/p>\n\n\t\t\t\t\n\t\t\t\t<wc-order-attribution-inputs><\/wc-order-attribution-inputs><div class=\"wc-gzd-checkbox-placeholder wc-gzd-checkbox-placeholder-reg_data_privacy\" data-checkbox=\"privacy\">\n<p class=\"legal form-row-wide terms-privacy-policy form-row checkbox-reg_data_privacy validate-required\" data-checkbox=\"privacy\" style=\"\">\n\t<label for=\"reg_data_privacy\" class=\"woocommerce-form__label woocommerce-form__label-for-checkbox checkbox\">\n\t\t\t\t\t<input\n\t\t\t\ttype=\"checkbox\"\n\t\t\t\tclass=\"woocommerce-form__input woocommerce-form__input-checkbox input-checkbox\"\n\t\t\t\tname=\"privacy\"\n\t\t\t\tid=\"reg_data_privacy\"\n\t\t\t\/>\n\t\t\t\t<span class=\"woocommerce-gzd-reg_data_privacy-checkbox-text\">Ja, ich m\u00f6chte einen neuen Account registrieren und habe die <a href=\"https:\/\/www.decision-products.de\/logmedia\/datenschutz\/\" target=\"_blank\">Datenschutzerkl\u00e4rung<\/a> gelesen.<\/span>\n\t\t\t\t\t&nbsp;<abbr class=\"required\" title=\"required\">*<\/abbr>\n\t\t\t\t<input type=\"hidden\" name=\"privacy-field\" value=\"1\" \/>\n\t<\/label>\n<\/p>\n<\/div><div class=\"wc-gzd-checkbox-placeholder wc-gzd-checkbox-placeholder-fachsoftware\" data-checkbox=\"fachsoftware\">\n<p class=\"form-row checkbox-fachsoftware\" data-checkbox=\"fachsoftware\" style=\"\">\n\t<label for=\"fachsoftware\" class=\"woocommerce-form__label \">\n\t\t\t\t<span class=\"woocommerce-gzd-fachsoftware-checkbox-text\">* Da LOGmedia-Software ausschlie\u00dflich f\u00fcr den professionellen Einsatz im medizinischen und\/oder p\u00e4dagogischen Sektor konzipiert ist, m\u00fcssen die mit * gekennzeichneten Felder ausgef\u00fcllt sein.<\/span>\n\t\t\t\t<input type=\"hidden\" name=\"fachsoftware-field\" value=\"1\" \/>\n\t<\/label>\n<\/p>\n<\/div>\n\t\t\t\t<p class=\"woocommerce-form-row form-row\">\n\t\t\t\t\t<input type=\"hidden\" id=\"woocommerce-register-nonce\" name=\"woocommerce-register-nonce\" value=\"ff13404e62\" \/><input type=\"hidden\" name=\"_wp_http_referer\" value=\"\/logmedia\/wp-json\/wp\/v2\/pages\/2649\" \/>\t\t\t\t\t<button type=\"submit\" class=\"woocommerce-Button woocommerce-button button woocommerce-form-register__submit\" name=\"register\" value=\"Register\">Register<\/button>\n\t\t\t\t<\/p>\n\n\t\t\t\t\n\t\t\t<\/form>\n\n\t\t<\/div>\n\n\t<\/div>\n\t\n<\/div>\r\n<\/div>\t\t<\/div>\n\t\t\t\t<\/div>\n\t\t\t\t\t<\/div>\n\t\t<\/div>\n\t\t\t\t\t<\/div>\n\t\t<\/section>\n\t\t\t\t<\/div>\n\t\t","protected":false},"excerpt":{"rendered":"","protected":false},"author":1,"featured_media":0,"parent":0,"menu_order":0,"comment_status":"closed","ping_status":"closed","template":"","meta":{"_acf_changed":false,"footnotes":""},"class_list":["post-2649","page","type-page","status-publish","hentry"],"acf":[],"_links":{"self":[{"href":"https:\/\/www.decision-products.de\/logmedia\/wp-json\/wp\/v2\/pages\/2649","targetHints":{"allow":["GET"]}}],"collection":[{"href":"https:\/\/www.decision-products.de\/logmedia\/wp-json\/wp\/v2\/pages"}],"about":[{"href":"https:\/\/www.decision-products.de\/logmedia\/wp-json\/wp\/v2\/types\/page"}],"author":[{"embeddable":true,"href":"https:\/\/www.decision-products.de\/logmedia\/wp-json\/wp\/v2\/users\/1"}],"replies":[{"embeddable":true,"href":"https:\/\/www.decision-products.de\/logmedia\/wp-json\/wp\/v2\/comments?post=2649"}],"version-history":[{"count":2,"href":"https:\/\/www.decision-products.de\/logmedia\/wp-json\/wp\/v2\/pages\/2649\/revisions"}],"predecessor-version":[{"id":7940,"href":"https:\/\/www.decision-products.de\/logmedia\/wp-json\/wp\/v2\/pages\/2649\/revisions\/7940"}],"wp:attachment":[{"href":"https:\/\/www.decision-products.de\/logmedia\/wp-json\/wp\/v2\/media?parent=2649"}],"curies":[{"name":"wp","href":"https:\/\/api.w.org\/{rel}","templated":true}]}}